{"id":28985,"date":"2019-08-07T15:23:38","date_gmt":"2019-08-07T15:23:38","guid":{"rendered":"https:\/\/hotelangasmayo.com\/?page_id=28985"},"modified":"2019-08-27T21:36:17","modified_gmt":"2019-08-27T21:36:17","slug":"nosotros-2","status":"publish","type":"page","link":"https:\/\/hotelangasmayo.com\/index.php\/nosotros-2\/","title":{"rendered":"SOSTENIBILIDAD"},"content":{"rendered":"<div class=\"wpb-content-wrapper\"><p>[vc_row full_width=&#8221;stretch_row&#8221; css=&#8221;.vc_custom_1566930946574{margin-top: -130px !important;background-color: #ffffff !important;}&#8221;][vc_column width=&#8221;1\/2&#8243;][vc_column_text css=&#8221;.vc_custom_1566935310914{margin-top: 30px !important;}&#8221;]<\/p>\n<h1 style=\"text-align: center;\"><span style=\"color: #78544c;\">Misi\u00f3n<\/span><\/h1>\n<div class=\"styled-subtitle\" style=\"text-align: center;\"><span style=\"color: #333333;\">Contribuir al desarrollo tur\u00edstico de la regi\u00f3n, entregando servicios de calidad y excelencia para que la visita de nuestros hu\u00e9spedes, clientes y visitantes sea inigualable y placentera.<\/span><\/div>\n<p>[\/vc_column_text][\/vc_column][vc_column width=&#8221;1\/2&#8243;][vc_single_image image=&#8221;29549&#8243; img_size=&#8221;full&#8221;][\/vc_column][\/vc_row][vc_row full_width=&#8221;stretch_row&#8221; css=&#8221;.vc_custom_1566941372221{background-color: #111111 !important;}&#8221;][vc_column width=&#8221;1\/2&#8243; offset=&#8221;vc_hidden-sm vc_hidden-xs&#8221;][vc_single_image image=&#8221;29289&#8243; img_size=&#8221;full&#8221;][\/vc_column][vc_column width=&#8221;1\/2&#8243;][vc_column_text css=&#8221;.vc_custom_1566941461619{margin-top: 40px !important;}&#8221;]<\/p>\n<h1 style=\"text-align: center;\"><span style=\"color: #e2c285;\">Visi\u00f3n<\/span><\/h1>\n<div class=\"styled-subtitle small-body\" style=\"text-align: center;\"><span style=\"color: #ffffff;\">Ser reconocidos como una empresa l\u00edder en el sector hotelero afianzando y fidelizando la relaci\u00f3n con nuestros clientes a trav\u00e9s de nuestra mejora continua.<\/span><\/div>\n<p>[\/vc_column_text][\/vc_column][\/vc_row][vc_row][vc_column][vc_column_text]<\/p>\n<h1 style=\"text-align: center;\"><span style=\"color: #78544c;\">Pol\u00edticas De Sostenibilidad <\/span><\/h1>\n<div><\/div>\n<p class=\"styled-subtitle\" style=\"text-align: justify;\"><span style=\"color: #333333;\">El HOTEL HANGASMAYO\u00a0est\u00e1 comprometido con la sostenibilidad y mejora continua de nuestros procesos y actividades que generan impacto ambiental, sociocultural y econ\u00f3mico.<\/span><\/p>\n<p class=\"styled-subtitle\" style=\"text-align: justify;\"><span style=\"color: #333333;\">Promovemos el buen uso del agua, la energ\u00eda y el manejo adecuado de los residuos con el fin de cuidar el medio ambiente y conservar los recursos naturales.<\/span><\/p>\n<p class=\"styled-subtitle\" style=\"text-align: justify;\"><span style=\"color: #333333;\">As\u00ed mismo estamos comprometidos con la promoci\u00f3n y protecci\u00f3n del patrimonio natural y cultural de la regi\u00f3n como s\u00edmbolo de nuestra identidad.<\/span><\/p>\n<p class=\"styled-subtitle\" style=\"text-align: justify;\"><span style=\"color: #333333;\">Declaramos nuestro rechazo a la explotaci\u00f3n laboral y comercio sexual de ni\u00f1os ni\u00f1as y adolescentes, explotaci\u00f3n laboral infantil y pr\u00e1cticas discriminatorias.<\/span><\/p>\n<p class=\"styled-subtitle\" style=\"text-align: justify;\"><span style=\"color: #333333;\">Vinculamos personal de la regi\u00f3n en condiciones justas para fortalecer su calidad de vida la de sus familias y la comunidad. De igual manera contribuimos al desarrollo econ\u00f3mico de la regi\u00f3n trabajando de la mano de nuestros proveedores.<\/span><\/p>\n<p class=\"styled-subtitle\" style=\"text-align: justify;\"><span style=\"color: #333333;\">Informaremos, sensibilizaremos y haremos participes de nuestra pol\u00edtica a clientes, hu\u00e9spedes, proveedores y colaboradores para posicionarnos como una empresa competente y sostenible en el campo hotelero.<\/span><\/p>\n<div class=\"styled-subtitle\"><\/div>\n<p>[\/vc_column_text][\/vc_column][\/vc_row][vc_row full_width=&#8221;stretch_row&#8221; css=&#8221;.vc_custom_1566931567089{margin-top: 0px !important;background-color: #111111 !important;}&#8221;][vc_column][vc_column_text css=&#8221;.vc_custom_1566938216240{margin-top: 30px !important;}&#8221;]<\/p>\n<h1 style=\"text-align: center;\"><span style=\"color: #e2c285;\">Comportamiento Responsable <\/span><span style=\"color: #e2c285;\">En El Entorno Natural<\/span><\/h1>\n<div class=\"styled-subtitle\" style=\"text-align: justify;\"><span style=\"color: #ffffff;\"><strong>1<\/strong>. Ten cuidado con el fuego, es el principal enemigo de nuestros bosques. No enciendas fuego; es preferible traer comida preparada.<\/span><\/div>\n<div class=\"styled-subtitle\" style=\"text-align: justify;\"><span style=\"color: #ffffff;\"><strong>2<\/strong>. Evita fumar por el peligro que supone una cerilla o una colilla mal apagada.<\/span><\/div>\n<div class=\"styled-subtitle\" style=\"text-align: justify;\"><span style=\"color: #ffffff;\">\u202f<strong>3<\/strong>. No acampes en cualquier lugar, hazlo s\u00f3lo en lugares acondicionados. Deja todo como lo has encontrado<\/span><\/div>\n<div class=\"styled-subtitle\" style=\"text-align: justify;\"><span style=\"color: #ffffff;\"><strong>4<\/strong>. No abandones ni entierres tu basura, gu\u00e1rdala en una bolsa y la llevas hasta el punto de recogida m\u00e1s cercano. Los pl\u00e1sticos, cristales y latas pueden causar lesiones a los animales e incluso su envenenamiento. Tambi\u00e9n debe llevarse aquellos residuos de alimentos que a pesar de ser biodegradables crean un efecto altamente anti est\u00e9tico en un medio que no es el suyo, tales como pieles de naranja o restos de bocadillo.<\/span><\/div>\n<div class=\"styled-subtitle\" style=\"text-align: justify;\"><span style=\"color: #ffffff;\"><strong>5<\/strong>. Circula siempre por los caminos marcados. Evita atravesar sembrados. Mira donde pisas. Los atajos s\u00f3lo sirven para crear alteraciones erosivas en el suelo y da\u00f1os en la vegetaci\u00f3n. La apertura de las sendas incontroladas supone asimismo la invasi\u00f3n de h\u00e1bitats y puede provocar la disminuci\u00f3n del \u00e9xito reproductivo de la fauna y el abandono del territorio. Respete las zonas rurales y sus gentes. Atraviese los campos de cultivo por sus lindes.<\/span><\/div>\n<div class=\"styled-subtitle\" style=\"text-align: justify;\"><span style=\"color: #ffffff;\"><strong>6<\/strong>. Deja todo como estaba. Cierra las puertas y verjas que encuentres en tu camino. Son necesarias para el ganado.\u202f<\/span><\/div>\n<div class=\"styled-subtitle\" style=\"text-align: justify;\"><span style=\"color: #ffffff;\"><strong>7<\/strong>. Cuida las fuentes, r\u00edos, arroyos; evitando tirar todo tipo de basuras, detergentes o aceites.\u202f<\/span><\/div>\n<div class=\"styled-subtitle\" style=\"text-align: justify;\"><span style=\"color: #ffffff;\"><strong>8<\/strong>. No te lleves ramas ni flores, tambi\u00e9n otros desean disfrutar de su presencia. Hay especies en peligro de extinci\u00f3n.\u202fNo es bueno llevarse \u201crecuerdos\u201d. La recolecci\u00f3n de animales, plantas, rocas y f\u00f3siles tiene efectos muy negativos en la preservaci\u00f3n de la biodiversidad de un lugar.<\/span><\/div>\n<div class=\"styled-subtitle\" style=\"text-align: justify;\"><span style=\"color: #ffffff;\"><strong>9<\/strong>. No utilices aparatos de m\u00fasica con volumen excesivo, ni circules con veh\u00edculos a motor; la paz del entorno desaparece con ellos.<\/span><\/div>\n<div class=\"styled-subtitle\" style=\"text-align: justify;\"><span style=\"color: #ffffff;\"><strong>10<\/strong>. Procura hacer poco ruido cuando camines en grupo, nuestra presencia crea una emisi\u00f3n de ruidos y un aumento sensible de los efectos sonoros en una zona concentrada del territorio que puede molestar a los animales silvestres y provocar un cambio en su comportamiento y costumbres.\u00a0<\/span><\/div>\n<div class=\"styled-subtitle\" style=\"text-align: justify;\"><span style=\"color: #ffffff;\"><strong>11<\/strong>. Conocer la naturaleza ayuda a respetarla y amarla. Inf\u00f3rmese de los valores naturales y culturales de la zona que va a visitar, as\u00ed como de su vulnerabilidad frente a las actividades que prev\u00e9 desarrollar.<\/span><\/div>\n<div class=\"styled-subtitle\" style=\"text-align: justify;\"><span style=\"color: #ffffff;\"><strong>12<\/strong>. Es posible desarrollar actividades deportivas y l\u00fadicas en la naturaleza que a la vez sean respetuosas con ella. Disfrute de la naturaleza sin da\u00f1arla.<\/span><\/div>\n<div class=\"styled-subtitle\" style=\"text-align: justify;\"><span style=\"color: #ffffff;\"><strong>13<\/strong>. Considere el utilizar un transporte p\u00fablico y no su veh\u00edculo particular cuando vaya a realizar un viaje. Es una forma de ahorrar energ\u00eda y de reducir la emisi\u00f3n de gases nocivos.<\/span><\/div>\n<div class=\"styled-subtitle\" style=\"text-align: justify;\"><span style=\"color: #ffffff;\"><strong>14<\/strong>. Siga siempre los consejos y recomendaciones que le indiquen en los lugares que visita.<\/span><\/div>\n<div class=\"styled-subtitle\" style=\"text-align: justify;\"><span style=\"color: #ffffff;\"><strong>15<\/strong>. No introduzca su veh\u00edculo en el monte, fuera de las pistas y caminos.<\/span><\/div>\n<div class=\"styled-subtitle\" style=\"text-align: justify;\"><span style=\"color: #ffffff;\"><strong>16<\/strong>. Lleve el calzado adecuado y el material necesario para la actividad que vaya a realizar: mochila, cantimplora, impermeable.<\/span><\/div>\n<div class=\"styled-subtitle\" style=\"text-align: justify;\"><span style=\"color: #ffffff;\"><strong>17<\/strong>. Procure no salir solo y comunique sus planes a familiares o amigos.<\/span><\/div>\n<div class=\"styled-subtitle\" style=\"text-align: justify;\"><span style=\"color: #ffffff;\"><strong>18<\/strong>. Si la actividad se desarrolla por terreno desconocido o de alta monta\u00f1a, d\u00e9jese acompa\u00f1ar por un gu\u00eda de monta\u00f1a profesional. La pr\u00e1ctica inadecuada de una actividad conlleva serios riesgos para su seguridad. Disfrute de la naturaleza con seguridad.<\/span><\/div>\n<p>[\/vc_column_text][\/vc_column][\/vc_row][vc_row][vc_column][vc_column_text]<\/p>\n<h1 style=\"text-align: center;\"><span style=\"color: #78544c;\">C\u00f3digo de \u00c9tica\u00a0<\/span><\/h1>\n<div class=\"styled-subtitle\" style=\"text-align: center;\">\n<p style=\"text-align: justify;\"><span style=\"color: #333333;\">En cumplimiento de\u202fla ley 679 de 2001 y la resoluci\u00f3n 3840 de 2009,\u00a0el Hotel Hangasmayo, se acoge al\u202fc\u00f3digo de conducta con el fin de proteger a los menores de edad de la explotaci\u00f3n sexual.\u00a0\u00a0<\/span><\/p>\n<p style=\"text-align: left;\"><span style=\"color: #333333;\">Con el fin de cumplir lo anterior hemos definido las siguientes directrices:\u00a0<\/span><\/p>\n<ul>\n<li style=\"text-align: justify;\"><span style=\"color: #333333;\">Todas nuestras actividades y operaciones,\u202frechazan cualquier clase de explotaci\u00f3n sexual de ni\u00f1os.\u00a0<\/span><\/li>\n<li style=\"text-align: justify;\"><span style=\"color: #333333;\">Rechazamos la explotaci\u00f3n laboral infantil.<\/span><\/li>\n<li style=\"text-align: justify;\"><span style=\"color: #333333;\">Rechazamos la discriminaci\u00f3n de raza o g\u00e9nero.<\/span><\/li>\n<li style=\"text-align: justify;\"><span style=\"color: #333333;\">Los funcionarios del Hotel Hangasmayo, no\u00a0promoveremos destinos\u00a0donde los menores est\u00e9n expuestos\u00a0directa o indirectamente al\u00a0comercio sexual.<\/span><\/li>\n<li style=\"text-align: justify;\"><span style=\"color: #333333;\">Comunicaremos oportunamente a la polic\u00eda local y\/o autoridades competentes, cuando se detecten\u00a0casos de comercio sexual con\u00a0menores.<\/span><\/li>\n<li style=\"text-align: left;\"><span style=\"color: #333333;\">Comercializaremos nuestros productos sin publicidad enga\u00f1osa y sin involucrar pr\u00e1cticas indebidas con ni\u00f1os o adolescentes.\u00a0<\/span><\/li>\n<li style=\"text-align: justify;\"><span style=\"color: #333333;\">Concientizaremos y divulgaremos al p\u00fablico que la explotaci\u00f3n sexual de menores es un delito.<\/span><\/li>\n<li style=\"text-align: justify;\"><span style=\"color: #333333;\">Condenamos todas las formas de explotaci\u00f3n sexual con ni\u00f1os y apoyamos todas las acciones legales para prevenir y castigar estos delitos.\u00a0<\/span><\/li>\n<li style=\"text-align: justify;\"><span style=\"color: #333333;\">Solicitamos a los clientes, proveedores, socios y a otros hoteles que rechacen la participaci\u00f3n en la explotaci\u00f3n sexual de menores y que informen sobre todos los casos de explotaci\u00f3n sexual de ni\u00f1os de los que tengan\u00a0\u00a0<\/span><\/li>\n<\/ul>\n<p>&nbsp;<\/p><\/div>\n<p>[\/vc_column_text][\/vc_column][\/vc_row][vc_row full_width=&#8221;stretch_row&#8221; css=&#8221;.vc_custom_1566934635178{background-color: #111111 !important;}&#8221;][vc_column][vc_column_text css=&#8221;.vc_custom_1566938846521{margin-top: 30px !important;}&#8221;]<\/p>\n<h1 style=\"text-align: center;\"><span style=\"color: #e2c285;\">C\u00f3digo de Conducta<\/span><\/h1>\n<div class=\"styled-subtitle\" style=\"text-align: center;\">\n<p style=\"text-align: justify;\"><span style=\"color: #ffffff;\">En cumplimiento de lo dispuesto en el Art\u00edculo 1\u00b0 de la Ley 1336 de 2009, el Ministro de Comercio, Industria y Turismo ha elaborado un modelo de c\u00f3digos de conducta, el cual de acuerdo con lo estipulado es esta Ley deber\u00e1 ser adoptado y cumplido por todos los prestadores de servicios tur\u00edsticos. Los compromisos consagrados en este c\u00f3digo de conducta fueron presentados ante representantes de gremios representativos del sector, quienes hicieron aportes y recomendaciones en reuni\u00f3n adelantada el paso 21 de octubre de 2009 en las instalaciones de Ministro de Comercio, Industria y Turismo. Atendiendo los aportes recibidos en esta reuni\u00f3n, se redactaron los compromisos m\u00ednimos que debe contener el c\u00f3digo de conducta que deber\u00e1 adoptar y cumplir los prestadores de servicios tur\u00edsticos de la siguiente manera:<\/span><\/p>\n<ol style=\"text-align: left;\">\n<li style=\"text-align: justify;\"><span style=\"color: #ffffff;\">Abstenerse de ofrecer en los programas de promoci\u00f3n tur\u00edstica y en planes tur\u00edsticos, expresa o subrepticiamente, planes de explotaci\u00f3n sexual de ni\u00f1os, ni\u00f1as y adolescentes.<\/span><\/li>\n<li style=\"text-align: justify;\"><span style=\"color: #ffffff;\">Abstenerse de dar informaci\u00f3n a los turistas, directamente o por interpuesta persona acerca de lugares desde donde se coordine o donde practique explotaci\u00f3n sexual comercial de ni\u00f1os, ni\u00f1as y adolescentes.<\/span><\/li>\n<li style=\"text-align: justify;\"><span style=\"color: #ffffff;\">Abstenerse de conducir a los turistas, o a trav\u00e9s de terceros a establecimientos o lugares donde se practique la explotaci\u00f3n sexual comercial de ni\u00f1os, ni\u00f1as, as\u00ed como conducir a \u00e9stos a los sitios donde se encuentran hospedados los turistas, incluso si se trata de lugares localizados en alta mar, con fines de explotaci\u00f3n sexual comercial de ni\u00f1os, ni\u00f1as y adolescentes.<\/span><\/li>\n<li style=\"text-align: justify;\"><span style=\"color: #ffffff;\">Abstenerse de facilitar veh\u00edculos en rutas tur\u00edsticas con fines de explotaci\u00f3n o de abuso sexual con ni\u00f1os, ni\u00f1as y adolescentes.<\/span><\/li>\n<li style=\"text-align: justify;\"><span style=\"color: #ffffff;\">Impedir el ingreso de ni\u00f1os, ni\u00f1as y adolescentes a los hoteles o lugares de alojamiento y hospedaje, bares, negocios similares y dem\u00e1s establecimientos en los que se presten servicios tur\u00edsticos, con fines de explotaci\u00f3n o de abuso sexual.<\/span><\/li>\n<li style=\"text-align: justify;\"><span style=\"color: #ffffff;\">Adoptar las medidas tendientes a impedir que el personal vinculado a cualquier t\u00edtulo con la empresa ofrezca servicios tur\u00edsticos que permitan actividad sexual con ni\u00f1os, ni\u00f1as y adolescentes.<\/span><\/li>\n<li style=\"text-align: justify;\"><span style=\"color: #ffffff;\">Proteger a los ni\u00f1os, ni\u00f1as y adolescentes nacionales o extranjeros de toda forma de explotaci\u00f3n y violencia sexual originada por turistas nacionales o extranjeros.<\/span><\/li>\n<li style=\"text-align: justify;\"><span style=\"color: #ffffff;\">Denunciar ante el Ministro de comercio, Industria y turismo y adem\u00e1s autoridades competentes, los hechos de que hubiere tenido conocimiento por cualquier medio, as\u00ed como la sospecha de estos, relacionados con explotaci\u00f3n sexual de ni\u00f1os, ni\u00f1as y adolescentes y asegurar que al interior de la empresa existan canales para denunciar ante las autoridades competentes tales hechos.<\/span><\/li>\n<li style=\"text-align: justify;\"><span style=\"color: #ffffff;\">Dise\u00f1ar y divulgar al interior de la empresa y con sus proveedores de bienes y servicios, una pol\u00edtica en la que el prestador establezca medidas para prevenir y contrarrestar toda forma de explotaci\u00f3n sexual de ni\u00f1os, ni\u00f1as y adolescentes en viajes y turismo.<\/span><\/li>\n<li style=\"text-align: justify;\"><span style=\"color: #ffffff;\">Capacitar a todo el personal vinculado y que vaya vinculando a la empresa, as\u00ed como a los proveedores que por la naturaleza de sus actividades tengan contacto con turistas, frente al tema de prevenci\u00f3n de la explotaci\u00f3n sexual comercial de ni\u00f1os, ni\u00f1as y adolescentes.<\/span><\/li>\n<li style=\"text-align: justify;\"><span style=\"color: #ffffff;\">Informar a sus usuarios sobre las consecuencias legales en Colombia de la explotaci\u00f3n y el abuso sexual de ni\u00f1os, ni\u00f1as y adolescentes.<\/span><\/li>\n<\/ol>\n<p><span style=\"color: #ffffff;\"><strong><span style=\"color: #ffffff;\">LOS COLABORADORES DEL HOTEL ANGASMAYO NOS COMPROMETEMOS A ACATAR EL C\u00d3DIGO DE CONDUCTA<\/span> <\/strong><\/span><\/div>\n<p>[\/vc_column_text][\/vc_column][\/vc_row][vc_row][vc_column][vc_single_image image=&#8221;29325&#8243; img_size=&#8221;1920&#215;1080&#8243; alignment=&#8221;center&#8221;][\/vc_column][\/vc_row]<\/p>\n<\/div>","protected":false},"excerpt":{"rendered":"<p>[vc_row full_width=&#8221;stretch_row&#8221; css=&#8221;.vc_custom_1566930946574{margin-top: -130px !important;background-color: #ffffff !important;}&#8221;][vc_column width=&#8221;1\/2&#8243;][vc_column_text css=&#8221;.vc_custom_1566935310914{margin-top: 30px !important;}&#8221;] Misi\u00f3n Contribuir al desarrollo tur\u00edstico de la regi\u00f3n, entregando&#8230;<\/p>\n","protected":false},"author":1,"featured_media":0,"parent":0,"menu_order":0,"comment_status":"closed","ping_status":"closed","template":"","meta":{"footnotes":""},"class_list":["post-28985","page","type-page","status-publish"],"_links":{"self":[{"href":"https:\/\/hotelangasmayo.com\/index.php\/wp-json\/wp\/v2\/pages\/28985","targetHints":{"allow":["GET"]}}],"collection":[{"href":"https:\/\/hotelangasmayo.com\/index.php\/wp-json\/wp\/v2\/pages"}],"about":[{"href":"https:\/\/hotelangasmayo.com\/index.php\/wp-json\/wp\/v2\/types\/page"}],"author":[{"embeddable":true,"href":"https:\/\/hotelangasmayo.com\/index.php\/wp-json\/wp\/v2\/users\/1"}],"replies":[{"embeddable":true,"href":"https:\/\/hotelangasmayo.com\/index.php\/wp-json\/wp\/v2\/comments?post=28985"}],"version-history":[{"count":0,"href":"https:\/\/hotelangasmayo.com\/index.php\/wp-json\/wp\/v2\/pages\/28985\/revisions"}],"wp:attachment":[{"href":"https:\/\/hotelangasmayo.com\/index.php\/wp-json\/wp\/v2\/media?parent=28985"}],"curies":[{"name":"wp","href":"https:\/\/api.w.org\/{rel}","templated":true}]}}